{"id":821,"date":"2024-11-13T13:44:13","date_gmt":"2024-11-13T13:44:13","guid":{"rendered":"https:\/\/k24117.elephant-staging.de\/?page_id=821"},"modified":"2024-11-13T13:45:42","modified_gmt":"2024-11-13T13:45:42","slug":"blog","status":"publish","type":"page","link":"https:\/\/www.altiklorion-consulting.de\/en\/blog\/","title":{"rendered":"Blog"},"content":{"rendered":"<div data-elementor-type=\"wp-page\" data-elementor-id=\"821\" class=\"elementor elementor-821\" data-elementor-post-type=\"page\">\n\t\t\t\t<div class=\"elementor-element elementor-element-e40d8e8 hero e-flex e-con-boxed e-con e-parent\" data-id=\"e40d8e8\" data-element_type=\"container\" data-e-type=\"container\" data-settings=\"{&quot;background_background&quot;:&quot;classic&quot;}\">\n\t\t\t\t\t<div class=\"e-con-inner\">\n\t\t<div class=\"elementor-element elementor-element-6324aab0 e-con-full animated-slow e-flex elementor-invisible e-con e-child\" data-id=\"6324aab0\" data-element_type=\"container\" data-e-type=\"container\" data-settings=\"{&quot;animation&quot;:&quot;fadeInUp&quot;}\">\n\t\t\t\t<div class=\"elementor-element elementor-element-4de4bdf7 elementor-widget elementor-widget-heading\" data-id=\"4de4bdf7\" data-element_type=\"widget\" data-e-type=\"widget\" data-widget_type=\"heading.default\">\n\t\t\t\t<div class=\"elementor-widget-container\">\n\t\t\t\t\t<h1 class=\"elementor-heading-title elementor-size-default\">Altiklorion Blog<\/h1>\t\t\t\t<\/div>\n\t\t\t\t<\/div>\n\t\t\t\t<div class=\"elementor-element elementor-element-19cb93ce elementor-widget__width-initial elementor-widget-mobile__width-initial elementor-widget elementor-widget-text-editor\" data-id=\"19cb93ce\" data-element_type=\"widget\" data-e-type=\"widget\" data-widget_type=\"text-editor.default\">\n\t\t\t\t<div class=\"elementor-widget-container\">\n\t\t\t\t\t\t\t\t\t<p>Erfahren Sie, wie Altiklorion Kunden erfolgreich durch globale Partnerschaften &amp; Nachhaltigkeitsherausforderungen gef\u00fchrt hat, um ihren Erfolg auf internationalen M\u00e4rkten zu f\u00f6rdern.<\/p>\t\t\t\t\t\t\t\t<\/div>\n\t\t\t\t<\/div>\n\t\t\t\t<\/div>\n\t\t\t\t\t<\/div>\n\t\t\t\t<\/div>\n\t\t<div class=\"elementor-element elementor-element-b588854 e-flex e-con-boxed e-con e-parent\" data-id=\"b588854\" data-element_type=\"container\" data-e-type=\"container\" data-settings=\"{&quot;background_background&quot;:&quot;classic&quot;}\">\n\t\t\t\t\t<div class=\"e-con-inner\">\n\t\t\t\t<div class=\"elementor-element elementor-element-28fc3a40 elementor-posts__hover-none elementor-grid-3 elementor-grid-tablet-2 elementor-grid-mobile-1 elementor-posts--thumbnail-top elementor-invisible elementor-widget elementor-widget-posts\" data-id=\"28fc3a40\" data-element_type=\"widget\" data-e-type=\"widget\" data-settings=\"{&quot;cards_masonry&quot;:&quot;yes&quot;,&quot;_animation&quot;:&quot;fadeInLeft&quot;,&quot;pagination_type&quot;:&quot;load_more_infinite_scroll&quot;,&quot;cards_columns&quot;:&quot;3&quot;,&quot;cards_columns_tablet&quot;:&quot;2&quot;,&quot;cards_columns_mobile&quot;:&quot;1&quot;,&quot;cards_row_gap&quot;:{&quot;unit&quot;:&quot;px&quot;,&quot;size&quot;:35,&quot;sizes&quot;:[]},&quot;cards_row_gap_tablet&quot;:{&quot;unit&quot;:&quot;px&quot;,&quot;size&quot;:&quot;&quot;,&quot;sizes&quot;:[]},&quot;cards_row_gap_mobile&quot;:{&quot;unit&quot;:&quot;px&quot;,&quot;size&quot;:&quot;&quot;,&quot;sizes&quot;:[]},&quot;load_more_spinner&quot;:{&quot;value&quot;:&quot;fas fa-spinner&quot;,&quot;library&quot;:&quot;fa-solid&quot;}}\" data-widget_type=\"posts.cards\">\n\t\t\t\t<div class=\"elementor-widget-container\">\n\t\t\t\t\t\t\t<div class=\"elementor-posts-container elementor-posts elementor-posts--skin-cards elementor-grid\" role=\"list\">\n\t\t\t\t<article class=\"elementor-post elementor-grid-item post-788 post type-post status-publish format-standard has-post-thumbnail hentry category-uncategorized\" role=\"listitem\">\n\t\t\t<div class=\"elementor-post__card\">\n\t\t\t\t<a class=\"elementor-post__thumbnail__link\" href=\"https:\/\/www.altiklorion-consulting.de\/en\/blogbeitrag-nr-3\/\" tabindex=\"-1\" ><div class=\"elementor-post__thumbnail\"><img fetchpriority=\"high\" decoding=\"async\" width=\"300\" height=\"197\" src=\"https:\/\/www.altiklorion-consulting.de\/wp-content\/uploads\/2024\/11\/Rectangle-4-300x197.jpg\" class=\"attachment-medium size-medium wp-image-757\" alt=\"\" srcset=\"https:\/\/www.altiklorion-consulting.de\/wp-content\/uploads\/2024\/11\/Rectangle-4-300x197.jpg 300w, https:\/\/www.altiklorion-consulting.de\/wp-content\/uploads\/2024\/11\/Rectangle-4-1024x674.jpg 1024w, https:\/\/www.altiklorion-consulting.de\/wp-content\/uploads\/2024\/11\/Rectangle-4-768x505.jpg 768w, https:\/\/www.altiklorion-consulting.de\/wp-content\/uploads\/2024\/11\/Rectangle-4.jpg 1363w\" sizes=\"(max-width: 300px) 100vw, 300px\" \/><\/div><\/a>\n\t\t\t\t<div class=\"elementor-post__text\">\n\t\t\t\t<h3 class=\"elementor-post__title\">\n\t\t\t<a href=\"https:\/\/www.altiklorion-consulting.de\/en\/blogbeitrag-nr-3\/\" >\n\t\t\t\tBlogbeitrag Nr.3\t\t\t<\/a>\n\t\t<\/h3>\n\t\t\t\t<div class=\"elementor-post__excerpt\">\n\t\t\t<p>What is Lorem Ipsum? Lorem Ipsum&nbsp;is simply dummy text of the printing and typesetting industry. Lorem Ipsum has been the industry&#8217;s standard dummy text ever since the 1500s, when an unknown printer took a galley of type and scrambled it<\/p>\n\t\t<\/div>\n\t\t\n\t\t<a class=\"elementor-post__read-more\" href=\"https:\/\/www.altiklorion-consulting.de\/en\/blogbeitrag-nr-3\/\" aria-label=\"Read more about Blogbeitrag Nr.3\" tabindex=\"-1\" >\n\t\t\tMehr lesen\t\t<\/a>\n\n\t\t\t\t<\/div>\n\t\t\t\t\t<\/div>\n\t\t<\/article>\n\t\t\t\t<article class=\"elementor-post elementor-grid-item post-786 post type-post status-publish format-standard has-post-thumbnail hentry category-uncategorized\" role=\"listitem\">\n\t\t\t<div class=\"elementor-post__card\">\n\t\t\t\t<a class=\"elementor-post__thumbnail__link\" href=\"https:\/\/www.altiklorion-consulting.de\/en\/blogbeitrag-nr-2\/\" tabindex=\"-1\" ><div class=\"elementor-post__thumbnail\"><img decoding=\"async\" width=\"300\" height=\"197\" src=\"https:\/\/www.altiklorion-consulting.de\/wp-content\/uploads\/2024\/11\/Rectangle-3-300x197.jpg\" class=\"attachment-medium size-medium wp-image-756\" alt=\"\" srcset=\"https:\/\/www.altiklorion-consulting.de\/wp-content\/uploads\/2024\/11\/Rectangle-3-300x197.jpg 300w, https:\/\/www.altiklorion-consulting.de\/wp-content\/uploads\/2024\/11\/Rectangle-3-1024x674.jpg 1024w, https:\/\/www.altiklorion-consulting.de\/wp-content\/uploads\/2024\/11\/Rectangle-3-768x505.jpg 768w, https:\/\/www.altiklorion-consulting.de\/wp-content\/uploads\/2024\/11\/Rectangle-3.jpg 1363w\" sizes=\"(max-width: 300px) 100vw, 300px\" \/><\/div><\/a>\n\t\t\t\t<div class=\"elementor-post__text\">\n\t\t\t\t<h3 class=\"elementor-post__title\">\n\t\t\t<a href=\"https:\/\/www.altiklorion-consulting.de\/en\/blogbeitrag-nr-2\/\" >\n\t\t\t\tBlogbeitrag Nr.2\t\t\t<\/a>\n\t\t<\/h3>\n\t\t\t\t<div class=\"elementor-post__excerpt\">\n\t\t\t<p>What is Lorem Ipsum? Lorem Ipsum&nbsp;is simply dummy text of the printing and typesetting industry. Lorem Ipsum has been the industry&#8217;s standard dummy text ever since the 1500s, when an unknown printer took a galley of type and scrambled it<\/p>\n\t\t<\/div>\n\t\t\n\t\t<a class=\"elementor-post__read-more\" href=\"https:\/\/www.altiklorion-consulting.de\/en\/blogbeitrag-nr-2\/\" aria-label=\"Read more about Blogbeitrag Nr.2\" tabindex=\"-1\" >\n\t\t\tMehr lesen\t\t<\/a>\n\n\t\t\t\t<\/div>\n\t\t\t\t\t<\/div>\n\t\t<\/article>\n\t\t\t\t<article class=\"elementor-post elementor-grid-item post-754 post type-post status-publish format-standard has-post-thumbnail hentry category-uncategorized\" role=\"listitem\">\n\t\t\t<div class=\"elementor-post__card\">\n\t\t\t\t<a class=\"elementor-post__thumbnail__link\" href=\"https:\/\/www.altiklorion-consulting.de\/en\/blogbeitrag-nr-1\/\" tabindex=\"-1\" ><div class=\"elementor-post__thumbnail\"><img decoding=\"async\" width=\"300\" height=\"196\" src=\"https:\/\/www.altiklorion-consulting.de\/wp-content\/uploads\/2024\/11\/Rectangle-5-300x196.jpg\" class=\"attachment-medium size-medium wp-image-755\" alt=\"\" srcset=\"https:\/\/www.altiklorion-consulting.de\/wp-content\/uploads\/2024\/11\/Rectangle-5-300x196.jpg 300w, https:\/\/www.altiklorion-consulting.de\/wp-content\/uploads\/2024\/11\/Rectangle-5-1024x669.jpg 1024w, https:\/\/www.altiklorion-consulting.de\/wp-content\/uploads\/2024\/11\/Rectangle-5-768x502.jpg 768w, https:\/\/www.altiklorion-consulting.de\/wp-content\/uploads\/2024\/11\/Rectangle-5.jpg 1363w\" sizes=\"(max-width: 300px) 100vw, 300px\" \/><\/div><\/a>\n\t\t\t\t<div class=\"elementor-post__text\">\n\t\t\t\t<h3 class=\"elementor-post__title\">\n\t\t\t<a href=\"https:\/\/www.altiklorion-consulting.de\/en\/blogbeitrag-nr-1\/\" >\n\t\t\t\tBlogbeitrag Nr.1\t\t\t<\/a>\n\t\t<\/h3>\n\t\t\t\t<div class=\"elementor-post__excerpt\">\n\t\t\t<p>What is Lorem Ipsum? Lorem Ipsum&nbsp;is simply dummy text of the printing and typesetting industry. Lorem Ipsum has been the industry&#8217;s standard dummy text ever since the 1500s, when an unknown printer took a galley of type and scrambled it<\/p>\n\t\t<\/div>\n\t\t\n\t\t<a class=\"elementor-post__read-more\" href=\"https:\/\/www.altiklorion-consulting.de\/en\/blogbeitrag-nr-1\/\" aria-label=\"Read more about Blogbeitrag Nr.1\" tabindex=\"-1\" >\n\t\t\tMehr lesen\t\t<\/a>\n\n\t\t\t\t<\/div>\n\t\t\t\t\t<\/div>\n\t\t<\/article>\n\t\t\t\t<\/div>\n\t\t\t\t\t<span class=\"e-load-more-spinner\">\n\t\t\t\t<i aria-hidden=\"true\" class=\"fas fa-spinner\"><\/i>\t\t\t<\/span>\n\t\t\n\t\t\t\t\t\t<\/div>\n\t\t\t\t<\/div>\n\t\t\t\t\t<\/div>\n\t\t\t\t<\/div>\n\t\t\t\t<\/div>","protected":false},"excerpt":{"rendered":"<p>Altiklorion Blog Erfahren Sie, wie Altiklorion Kunden erfolgreich durch globale Partnerschaften &amp; Nachhaltigkeitsherausforderungen gef\u00fchrt hat, um ihren Erfolg auf internationalen M\u00e4rkten zu f\u00f6rdern.<\/p>","protected":false},"author":1,"featured_media":0,"parent":0,"menu_order":0,"comment_status":"closed","ping_status":"closed","template":"","meta":{"footnotes":""},"class_list":["post-821","page","type-page","status-publish","hentry"],"yoast_head":"<!-- This site is optimized with the Yoast SEO plugin v27.3 - https:\/\/yoast.com\/product\/yoast-seo-wordpress\/ -->\n<title>Blog - Altiklorion<\/title>\n<meta name=\"robots\" content=\"index, follow, max-snippet:-1, max-image-preview:large, max-video-preview:-1\" \/>\n<link rel=\"canonical\" href=\"https:\/\/www.altiklorion-consulting.de\/en\/blog\/\" \/>\n<meta property=\"og:locale\" content=\"en_US\" \/>\n<meta property=\"og:type\" content=\"article\" \/>\n<meta property=\"og:title\" content=\"Blog - Altiklorion\" \/>\n<meta property=\"og:description\" content=\"Altiklorion Blog Erfahren Sie, wie Altiklorion Kunden erfolgreich durch globale Partnerschaften &amp; Nachhaltigkeitsherausforderungen gef\u00fchrt hat, um ihren Erfolg auf internationalen M\u00e4rkten zu f\u00f6rdern.\" \/>\n<meta property=\"og:url\" content=\"https:\/\/www.altiklorion-consulting.de\/en\/blog\/\" \/>\n<meta property=\"og:site_name\" content=\"Altiklorion\" \/>\n<meta property=\"article:modified_time\" content=\"2024-11-13T13:45:42+00:00\" \/>\n<meta name=\"twitter:card\" content=\"summary_large_image\" \/>\n<meta name=\"twitter:label1\" content=\"Est. reading time\" \/>\n\t<meta name=\"twitter:data1\" content=\"3 minutes\" \/>\n<script type=\"application\/ld+json\" class=\"yoast-schema-graph\">{\"@context\":\"https:\\\/\\\/schema.org\",\"@graph\":[{\"@type\":\"WebPage\",\"@id\":\"https:\\\/\\\/www.altiklorion-consulting.de\\\/blog\\\/\",\"url\":\"https:\\\/\\\/www.altiklorion-consulting.de\\\/blog\\\/\",\"name\":\"Blog - Altiklorion\",\"isPartOf\":{\"@id\":\"https:\\\/\\\/www.altiklorion-consulting.de\\\/#website\"},\"datePublished\":\"2024-11-13T13:44:13+00:00\",\"dateModified\":\"2024-11-13T13:45:42+00:00\",\"breadcrumb\":{\"@id\":\"https:\\\/\\\/www.altiklorion-consulting.de\\\/blog\\\/#breadcrumb\"},\"inLanguage\":\"en-US\",\"potentialAction\":[{\"@type\":\"ReadAction\",\"target\":[\"https:\\\/\\\/www.altiklorion-consulting.de\\\/blog\\\/\"]}]},{\"@type\":\"BreadcrumbList\",\"@id\":\"https:\\\/\\\/www.altiklorion-consulting.de\\\/blog\\\/#breadcrumb\",\"itemListElement\":[{\"@type\":\"ListItem\",\"position\":1,\"name\":\"Startseite\",\"item\":\"https:\\\/\\\/www.altiklorion-consulting.de\\\/\"},{\"@type\":\"ListItem\",\"position\":2,\"name\":\"Blog\"}]},{\"@type\":\"WebSite\",\"@id\":\"https:\\\/\\\/www.altiklorion-consulting.de\\\/#website\",\"url\":\"https:\\\/\\\/www.altiklorion-consulting.de\\\/\",\"name\":\"Altiklorion\",\"description\":\"\",\"publisher\":{\"@id\":\"https:\\\/\\\/www.altiklorion-consulting.de\\\/#organization\"},\"potentialAction\":[{\"@type\":\"SearchAction\",\"target\":{\"@type\":\"EntryPoint\",\"urlTemplate\":\"https:\\\/\\\/www.altiklorion-consulting.de\\\/?s={search_term_string}\"},\"query-input\":{\"@type\":\"PropertyValueSpecification\",\"valueRequired\":true,\"valueName\":\"search_term_string\"}}],\"inLanguage\":\"en-US\"},{\"@type\":\"Organization\",\"@id\":\"https:\\\/\\\/www.altiklorion-consulting.de\\\/#organization\",\"name\":\"Altiklorion\",\"url\":\"https:\\\/\\\/www.altiklorion-consulting.de\\\/\",\"logo\":{\"@type\":\"ImageObject\",\"inLanguage\":\"en-US\",\"@id\":\"https:\\\/\\\/www.altiklorion-consulting.de\\\/#\\\/schema\\\/logo\\\/image\\\/\",\"url\":\"https:\\\/\\\/www.altiklorion-consulting.de\\\/wp-content\\\/uploads\\\/2024\\\/09\\\/cropped-Altiklorion-Logo-bright.png\",\"contentUrl\":\"https:\\\/\\\/www.altiklorion-consulting.de\\\/wp-content\\\/uploads\\\/2024\\\/09\\\/cropped-Altiklorion-Logo-bright.png\",\"width\":1412,\"height\":278,\"caption\":\"Altiklorion\"},\"image\":{\"@id\":\"https:\\\/\\\/www.altiklorion-consulting.de\\\/#\\\/schema\\\/logo\\\/image\\\/\"}}]}<\/script>\n<!-- \/ Yoast SEO plugin. -->","yoast_head_json":{"title":"Blog - Altiklorion","robots":{"index":"index","follow":"follow","max-snippet":"max-snippet:-1","max-image-preview":"max-image-preview:large","max-video-preview":"max-video-preview:-1"},"canonical":"https:\/\/www.altiklorion-consulting.de\/en\/blog\/","og_locale":"en_US","og_type":"article","og_title":"Blog - Altiklorion","og_description":"Altiklorion Blog Erfahren Sie, wie Altiklorion Kunden erfolgreich durch globale Partnerschaften &amp; Nachhaltigkeitsherausforderungen gef\u00fchrt hat, um ihren Erfolg auf internationalen M\u00e4rkten zu f\u00f6rdern.","og_url":"https:\/\/www.altiklorion-consulting.de\/en\/blog\/","og_site_name":"Altiklorion","article_modified_time":"2024-11-13T13:45:42+00:00","twitter_card":"summary_large_image","twitter_misc":{"Est. reading time":"3 minutes"},"schema":{"@context":"https:\/\/schema.org","@graph":[{"@type":"WebPage","@id":"https:\/\/www.altiklorion-consulting.de\/blog\/","url":"https:\/\/www.altiklorion-consulting.de\/blog\/","name":"Blog - Altiklorion","isPartOf":{"@id":"https:\/\/www.altiklorion-consulting.de\/#website"},"datePublished":"2024-11-13T13:44:13+00:00","dateModified":"2024-11-13T13:45:42+00:00","breadcrumb":{"@id":"https:\/\/www.altiklorion-consulting.de\/blog\/#breadcrumb"},"inLanguage":"en-US","potentialAction":[{"@type":"ReadAction","target":["https:\/\/www.altiklorion-consulting.de\/blog\/"]}]},{"@type":"BreadcrumbList","@id":"https:\/\/www.altiklorion-consulting.de\/blog\/#breadcrumb","itemListElement":[{"@type":"ListItem","position":1,"name":"Startseite","item":"https:\/\/www.altiklorion-consulting.de\/"},{"@type":"ListItem","position":2,"name":"Blog"}]},{"@type":"WebSite","@id":"https:\/\/www.altiklorion-consulting.de\/#website","url":"https:\/\/www.altiklorion-consulting.de\/","name":"Altiklorion","description":"","publisher":{"@id":"https:\/\/www.altiklorion-consulting.de\/#organization"},"potentialAction":[{"@type":"SearchAction","target":{"@type":"EntryPoint","urlTemplate":"https:\/\/www.altiklorion-consulting.de\/?s={search_term_string}"},"query-input":{"@type":"PropertyValueSpecification","valueRequired":true,"valueName":"search_term_string"}}],"inLanguage":"en-US"},{"@type":"Organization","@id":"https:\/\/www.altiklorion-consulting.de\/#organization","name":"Altiklorion","url":"https:\/\/www.altiklorion-consulting.de\/","logo":{"@type":"ImageObject","inLanguage":"en-US","@id":"https:\/\/www.altiklorion-consulting.de\/#\/schema\/logo\/image\/","url":"https:\/\/www.altiklorion-consulting.de\/wp-content\/uploads\/2024\/09\/cropped-Altiklorion-Logo-bright.png","contentUrl":"https:\/\/www.altiklorion-consulting.de\/wp-content\/uploads\/2024\/09\/cropped-Altiklorion-Logo-bright.png","width":1412,"height":278,"caption":"Altiklorion"},"image":{"@id":"https:\/\/www.altiklorion-consulting.de\/#\/schema\/logo\/image\/"}}]}},"_links":{"self":[{"href":"https:\/\/www.altiklorion-consulting.de\/en\/wp-json\/wp\/v2\/pages\/821","targetHints":{"allow":["GET"]}}],"collection":[{"href":"https:\/\/www.altiklorion-consulting.de\/en\/wp-json\/wp\/v2\/pages"}],"about":[{"href":"https:\/\/www.altiklorion-consulting.de\/en\/wp-json\/wp\/v2\/types\/page"}],"author":[{"embeddable":true,"href":"https:\/\/www.altiklorion-consulting.de\/en\/wp-json\/wp\/v2\/users\/1"}],"replies":[{"embeddable":true,"href":"https:\/\/www.altiklorion-consulting.de\/en\/wp-json\/wp\/v2\/comments?post=821"}],"version-history":[{"count":5,"href":"https:\/\/www.altiklorion-consulting.de\/en\/wp-json\/wp\/v2\/pages\/821\/revisions"}],"predecessor-version":[{"id":830,"href":"https:\/\/www.altiklorion-consulting.de\/en\/wp-json\/wp\/v2\/pages\/821\/revisions\/830"}],"wp:attachment":[{"href":"https:\/\/www.altiklorion-consulting.de\/en\/wp-json\/wp\/v2\/media?parent=821"}],"curies":[{"name":"wp","href":"https:\/\/api.w.org\/{rel}","templated":true}]}}